{"id":5604,"date":"2015-12-13T18:01:25","date_gmt":"2015-12-13T17:01:25","guid":{"rendered":"http:\/\/www.matematicaok.it\/?page_id=5604"},"modified":"2018-05-22T09:29:30","modified_gmt":"2018-05-22T07:29:30","slug":"iscrizioni-universita-2016","status":"publish","type":"page","link":"https:\/\/www.matematicaok.com\/?page_id=5604","title":{"rendered":"TEST AMMISSIONE UNIVERSITA&#8217; per l&#8217;A.A. 2018\/2019"},"content":{"rendered":"<p><strong>ISCRIZIONI ALL&#8217;UNIVERSITA&#8217;: I TEST A NUMERO CHIUSO<\/strong><\/p>\n<p>Una volta che ti sarai chiarito le idee sulla scelta della Facolt\u00e0 adatta, prima di iscriverti devi verificare in quale macro area rientra il tuo corso di laurea.<br \/>\nLe facolt\u00e0 italiane, infatti, possono far parte di tre grandi gruppi:<br \/>\n&#8211; Facolt\u00e0 a numero aperto (a discrezione dei singoli atenei)<br \/>\n&#8211; Facolt\u00e0 a numero chiuso (a discrezione dei singoli atenei)<br \/>\n&#8211; Facolt\u00e0 ad accesso programmato a livello nazionale (es: Medicina e Chirurgia, Professioni Sanitarie, Veterinaria, Architettura, Odontoiatria e Scienze della Formazione)<br \/>\nComunque, Facolt\u00e0 a numero chiuso o Facolt\u00e0 ad accesso programmato,che puoi iscriverti solo dopo aver superato un test d\u2019ingresso. Il che significa che dovrai sostenere una prova e totalizzare un punteggio tale da permetterti di rientrare all\u2019interno del numero dei posti disponibili in graduatoria.<\/p>\n<p>Per esercitarsi in vista delle prove, \u00e8 possibile confrontarsi con le prove <strong>RISOLTE<\/strong> degli anni precedenti:<\/p>\n<ul>\n<li><span style=\"color: #ff0000;\"><a style=\"color: #ff0000;\" href=\"http:\/\/www.matematicaok.com\/?page_id=10176\" target=\"_blank\" rel=\"noopener\">Test Ammissione Architettura\u00a02017<\/a><\/span><\/li>\n<li><span style=\"color: #ff0000;\"><a style=\"color: #ff0000;\" href=\"http:\/\/www.matematicaok.com\/?page_id=10148\" target=\"_blank\" rel=\"noopener\">Test Ammissione Medicina e Odontoiatria 2017<\/a><\/span><\/li>\n<li><span style=\"color: #ff0000;\"><a style=\"color: #ff0000;\" href=\"http:\/\/www.matematicaok.com\/?page_id=10162\" target=\"_blank\" rel=\"noopener\">Test Veterinaria\u00a02017<\/a><\/span><\/li>\n<\/ul>\n<ul>\n<li><span style=\"color: #ff0000;\"><a style=\"color: #ff0000;\" href=\"http:\/\/www.matematicaok.it\/?page_id=8601\" target=\"_blank\" rel=\"noopener\">Test Ammissione Architettura\u00a02016<\/a><\/span><\/li>\n<li><span style=\"color: #ff0000;\"><a style=\"color: #ff0000;\" href=\"http:\/\/www.matematicaok.it\/?page_id=8651\" target=\"_blank\" rel=\"noopener\">Test Ammissione Medicina e Odontoiatria 2016<\/a><\/span><\/li>\n<li><span style=\"color: #ff0000;\"><a style=\"color: #ff0000;\" href=\"http:\/\/www.matematicaok.it\/?page_id=8626\" target=\"_blank\" rel=\"noopener\">Test Veterinaria\u00a02016<\/a><\/span><\/li>\n<\/ul>\n<ul>\n<li><span style=\"color: #ff0000;\"><a style=\"color: #ff0000;\" href=\"http:\/\/www.matematicaok.it\/?page_id=5609\" target=\"_blank\" rel=\"noopener\">Test Ammissione Architettura\u00a02015<\/a><\/span><\/li>\n<li><span style=\"color: #ff0000;\"><a style=\"color: #ff0000;\" href=\"http:\/\/www.matematicaok.it\/?page_id=5655\" target=\"_blank\" rel=\"noopener\">Test Ammissione Medicina e Odontoiatria 2015<\/a><\/span><\/li>\n<li><span style=\"color: #ff0000;\"><a style=\"color: #ff0000;\" href=\"http:\/\/www.matematicaok.it\/?page_id=5677\">Test Veterinaria\u00a02015<\/a><\/span><\/li>\n<\/ul>\n<p>&nbsp;<\/p>\n","protected":false},"excerpt":{"rendered":"<p>ISCRIZIONI ALL&#8217;UNIVERSITA&#8217;: I TEST A NUMERO CHIUSO Una volta che ti sarai chiarito le idee sulla scelta della Facolt\u00e0 adatta, prima di iscriverti devi verificare in quale macro area rientra il tuo corso di laurea. Le facolt\u00e0 italiane, infatti, possono far parte di tre grandi gruppi: &#8211; Facolt\u00e0 a numero aperto (a discrezione dei singoli atenei) &#8211; Facolt\u00e0 a numero chiuso (a discrezione dei singoli atenei) &#8211; Facolt\u00e0 ad accesso&hellip; <\/p>\n","protected":false},"author":1,"featured_media":0,"parent":0,"menu_order":0,"comment_status":"closed","ping_status":"closed","template":"","meta":{"jetpack_post_was_ever_published":false,"footnotes":""},"class_list":["post-5604","page","type-page","status-publish","hentry"],"jetpack_sharing_enabled":true,"jetpack_shortlink":"https:\/\/wp.me\/P85Wmq-1so","_links":{"self":[{"href":"https:\/\/www.matematicaok.com\/index.php?rest_route=\/wp\/v2\/pages\/5604","targetHints":{"allow":["GET"]}}],"collection":[{"href":"https:\/\/www.matematicaok.com\/index.php?rest_route=\/wp\/v2\/pages"}],"about":[{"href":"https:\/\/www.matematicaok.com\/index.php?rest_route=\/wp\/v2\/types\/page"}],"author":[{"embeddable":true,"href":"https:\/\/www.matematicaok.com\/index.php?rest_route=\/wp\/v2\/users\/1"}],"replies":[{"embeddable":true,"href":"https:\/\/www.matematicaok.com\/index.php?rest_route=%2Fwp%2Fv2%2Fcomments&post=5604"}],"version-history":[{"count":19,"href":"https:\/\/www.matematicaok.com\/index.php?rest_route=\/wp\/v2\/pages\/5604\/revisions"}],"predecessor-version":[{"id":10197,"href":"https:\/\/www.matematicaok.com\/index.php?rest_route=\/wp\/v2\/pages\/5604\/revisions\/10197"}],"wp:attachment":[{"href":"https:\/\/www.matematicaok.com\/index.php?rest_route=%2Fwp%2Fv2%2Fmedia&parent=5604"}],"curies":[{"name":"wp","href":"https:\/\/api.w.org\/{rel}","templated":true}]}}