{"id":3891,"date":"2015-10-23T16:49:43","date_gmt":"2015-10-23T14:49:43","guid":{"rendered":"http:\/\/www.matematicaok.it\/?page_id=3891"},"modified":"2025-06-20T09:12:20","modified_gmt":"2025-06-20T07:12:20","slug":"maturita-2016-news","status":"publish","type":"page","link":"https:\/\/www.matematicaok.com\/?page_id=3891","title":{"rendered":"Maturit\u00e0 2025"},"content":{"rendered":"<p>La maturit\u00e0 2025 \u00e8 l&#8217;esame conclusivo delle scuole superiori di secondo grado che si svolge ogni anno a giugno e che consiste nello svolgimento di due compiti ministeriali scritti (prima e seconda prova) e di un colloquio orale. Il Ministero dell&#8217;Istruzione ha di recente definito le date dell&#8217;esame di Stato:<\/p>\n<ul>\n<li>la prima prova si svolger\u00e0 il 18 giugno 2025,<\/li>\n<li>la seconda il 19 giugno 2025.<\/li>\n<\/ul>\n<h2>La prima prova<\/h2>\n<p>La prima prova accerta sia la padronanza della lingua italiana (o della diversa lingua nella quale avviene l\u2019insegnamento) sia le capacit\u00e0 espressive, logico-linguistiche e critiche degli studenti.<br \/>\nSi svolger\u00e0 mercoled\u00ec 18 giugno 2024 alle 8:30 con modalit\u00e0 identiche in tutti gli istituti e ha una durata massima di sei ore.<br \/>\nI candidati possono scegliere tra tipologie e tematiche diverse: il Ministero mette a disposizione per tutti gli indirizzi di studio sette tracce che fanno riferimento agli ambiti artistico, letterario, storico, filosofico, scientifico, tecnologico, economico, sociale. Gli studenti possono scegliere, tra le sette tracce, quella che pensano sia pi\u00f9 adatta alla loro preparazione e ai loro interessi.<br \/>\nLa prova pu\u00f2 essere strutturata in pi\u00f9 parti. Ci\u00f2 consente di verificare competenze diverse, in particolare la comprensione degli aspetti linguistici, espressivi e logico-argomentativi, oltre che la riflessione critica da parte del candidato.<\/p>\n<h2>La seconda prova<\/h2>\n<p>La seconda prova riguarda una o pi\u00f9 delle discipline che caratterizzano il corso di studi. Negli istituti professionali di nuovo ordinamento, invece, la prova verte su competenze e nuclei tematici fondamentali di indirizzo e non su discipline.<br \/>\nIl Ministero, con un apposito decreto, ha definito le discipline oggetto di questa seconda prova.<br \/>\nPer conoscere le discipline oggetto della seconda prova e quelle affidate ai commissari esterni \u00e8 disponibile un\u00a0<strong><span style=\"color: #ff0000;\"><a style=\"color: #ff0000;\" href=\"https:\/\/visualizzamaterieesame.static.istruzione.it\/\">apposito motore di ricerca<\/a><\/span><\/strong>.<\/p>\n<h2>Crediti e voti<\/h2>\n<p>Nello scrutinio finale il consiglio di classe attribuisce il punteggio per il credito maturato nel secondo biennio e nell\u2019ultimo anno fino a un massimo di quaranta punti: dodici punti per il terzo anno, tredici per il quarto anno e quindici per il quinto anno.<br \/>\nLa valutazione sul comportamento concorre alla determinazione del credito scolastico.<br \/>\nIl voto finale dell\u2019Esame di Stato \u00e8 espresso in centesimi cos\u00ec suddivisi:<\/p>\n<ul>\n<li>massimo 40 punti per il credito scolastico<\/li>\n<li>massimo 20 punti per il primo scritto<\/li>\n<li>massimo 20 punti per il secondo scritto<\/li>\n<li>massimo 20 punti per il colloquio.<\/li>\n<\/ul>\n<p>La commissione pu\u00f2 assegnare fino a 5 punti di \u201cbonus\u201d per chi ne ha diritto. Dalla somma di tutti questi punti risulta il voto finale dell\u2019Esame.<br \/>\nIl punteggio massimo \u00e8 100 (c\u2019\u00e8 la possibilit\u00e0 della lode). Il punteggio minimo per superare l&#8217;esame \u00e8 60\/100.<\/p>\n<h3 style=\"text-align: center;\"><strong>\u00a0* * *\u00a0 <u>Vecchie prove di MATEMATICA<\/u>\u00a0* * *<\/strong><\/h3>\n<p>Per esercitarsi in vista delle prove, \u00e8 possibile confrontarsi con le prove RISOLTE degli anni precedenti:<\/p>\n<ul>\n<li><span style=\"color: #ff0000;\"><strong><a style=\"color: #ff0000;\" href=\"https:\/\/www.matematicaok.com\/?page_id=58642\">MATURITA&#8217; SCIENTIFICA 2025<\/a><\/strong><\/span><\/li>\n<li><a href=\"http:\/\/www.matematicaok.com\/?page_id=58164\"><span style=\"color: #ff0000;\">MATURITA&#8217; SCIENTIFICA 2024<\/span><\/a><\/li>\n<li><a href=\"http:\/\/www.matematicaok.com\/?page_id=50283\"><span style=\"color: #ff0000;\">MATURITA&#8217; SCIENTIFICA 2023<\/span><\/a><\/li>\n<li><span style=\"color: #ff0000;\"><a style=\"color: #ff0000;\" href=\"http:\/\/www.matematicaok.com\/?page_id=18964\">MATURITA&#8217; SCIENTIFICA 2019<\/a><\/span><\/li>\n<li><span style=\"color: #ff0000;\"><a style=\"color: #ff0000;\" href=\"http:\/\/www.matematicaok.com\/?page_id=10792\">MATURITA&#8217; SCIENTIFICA 2018<\/a><\/span><\/li>\n<li><span style=\"color: #ff0000;\"><a style=\"color: #ff0000;\" href=\"http:\/\/www.matematicaok.it\/?page_id=9122\">MATURITA&#8217; SCIENTIFICA 2017<\/a><\/span><\/li>\n<li><span style=\"color: #ff0000;\"><a style=\"color: #ff0000;\" href=\"http:\/\/www.matematicaok.it\/?page_id=8365\">MATURITA&#8217; SCIENTIFICA 2016<\/a><\/span><\/li>\n<li><span style=\"color: #ff0000;\"><a style=\"color: #ff0000;\" href=\"http:\/\/www.matematicaok.it\/?page_id=2480\">MATURITA&#8217; SCIENTIFICA 2015<\/a><\/span><\/li>\n<li><span style=\"color: #ff0000;\"><a style=\"color: #ff0000;\" href=\"http:\/\/www.matematicaok.it\/?page_id=2522\">MATURITA&#8217; SCIENTIFICA 2014<\/a><\/span><\/li>\n<li><span style=\"color: #ff0000;\"><a style=\"color: #ff0000;\" href=\"http:\/\/www.matematicaok.it\/?page_id=2555\">MATURITA&#8217; SCIENTIFICA 2013<\/a><\/span><\/li>\n<li><span style=\"color: #ff0000;\"><a style=\"color: #ff0000;\" href=\"http:\/\/www.matematicaok.it\/?page_id=2589\">MATURITA&#8217; SCIENTIFICA 2012<\/a><\/span><\/li>\n<li><span style=\"color: #ff0000;\"><a style=\"color: #ff0000;\" href=\"http:\/\/www.matematicaok.it\/?page_id=2616\">MATURITA&#8217; SCIENTIFICA 2011<\/a><\/span><\/li>\n<li><span style=\"color: #ff0000;\"><a style=\"color: #ff0000;\" href=\"http:\/\/www.matematicaok.it\/?page_id=2632\">MATURITA&#8217; SCIENTIFICA 2010<\/a><\/span><\/li>\n<li><span style=\"color: #ff0000;\"><a style=\"color: #ff0000;\" href=\"http:\/\/www.matematicaok.it\/?page_id=2695\">MATURITA&#8217; SCIENTIFICA 2009<\/a><\/span><\/li>\n<li><span style=\"color: #ff0000;\"><a style=\"color: #ff0000;\" href=\"http:\/\/www.matematicaok.it\/?page_id=2699\">MATURITA&#8217; SCIENTIFICA 2008<\/a><\/span><\/li>\n<li><span style=\"color: #ff0000;\"><a style=\"color: #ff0000;\" href=\"http:\/\/www.matematicaok.it\/?page_id=2703\">MATURITA&#8217; SCIENTIFICA 2007<\/a><\/span><\/li>\n<\/ul>\n<p style=\"text-align: center;\">\n","protected":false},"excerpt":{"rendered":"<p>La maturit\u00e0 2025 \u00e8 l&#8217;esame conclusivo delle scuole superiori di secondo grado che si svolge ogni anno a giugno e che consiste nello svolgimento di due compiti ministeriali scritti (prima e seconda prova) e di un colloquio orale. Il Ministero dell&#8217;Istruzione ha di recente definito le date dell&#8217;esame di Stato: la prima prova si svolger\u00e0 il 18 giugno 2025, la seconda il 19 giugno 2025. La prima prova La prima&hellip; <\/p>\n","protected":false},"author":1,"featured_media":0,"parent":0,"menu_order":0,"comment_status":"closed","ping_status":"closed","template":"","meta":{"jetpack_post_was_ever_published":false,"footnotes":""},"class_list":["post-3891","page","type-page","status-publish","hentry"],"jetpack_sharing_enabled":true,"jetpack_shortlink":"https:\/\/wp.me\/P85Wmq-10L","_links":{"self":[{"href":"https:\/\/www.matematicaok.com\/index.php?rest_route=\/wp\/v2\/pages\/3891","targetHints":{"allow":["GET"]}}],"collection":[{"href":"https:\/\/www.matematicaok.com\/index.php?rest_route=\/wp\/v2\/pages"}],"about":[{"href":"https:\/\/www.matematicaok.com\/index.php?rest_route=\/wp\/v2\/types\/page"}],"author":[{"embeddable":true,"href":"https:\/\/www.matematicaok.com\/index.php?rest_route=\/wp\/v2\/users\/1"}],"replies":[{"embeddable":true,"href":"https:\/\/www.matematicaok.com\/index.php?rest_route=%2Fwp%2Fv2%2Fcomments&post=3891"}],"version-history":[{"count":42,"href":"https:\/\/www.matematicaok.com\/index.php?rest_route=\/wp\/v2\/pages\/3891\/revisions"}],"predecessor-version":[{"id":58650,"href":"https:\/\/www.matematicaok.com\/index.php?rest_route=\/wp\/v2\/pages\/3891\/revisions\/58650"}],"wp:attachment":[{"href":"https:\/\/www.matematicaok.com\/index.php?rest_route=%2Fwp%2Fv2%2Fmedia&parent=3891"}],"curies":[{"name":"wp","href":"https:\/\/api.w.org\/{rel}","templated":true}]}}